{"id":600,"date":"2026-01-23T22:09:35","date_gmt":"2026-01-23T19:09:35","guid":{"rendered":"https:\/\/ak-venturepath.com\/cookie-richtlinie\/"},"modified":"2026-05-04T11:47:15","modified_gmt":"2026-05-04T08:47:15","slug":"cookie-richtlinie","status":"publish","type":"page","link":"https:\/\/ak-venturepath.com\/de\/cookie-richtlinie\/","title":{"rendered":"Cookie\u2011Richtlinie"},"content":{"rendered":"\n<p>Zuletzt aktualisiert: 10.02.2026<br\/>Diese Cookies\u2011Richtlinie erkl\u00e4rt, wie AK Venture Path Cookies und \u00e4hnliche Technologien auf dieser Website verwendet. Wenn Sie die Nutzung dieser Website fortsetzen, stimmen Sie der Verwendung von Cookies gem\u00e4\u00df dieser Richtlinie zu, es sei denn, Sie deaktivieren sie \u00fcber Ihren Browser oder die Cookie\u2011Einstellungen.<br\/>1. Was sind Cookies?<br\/>Cookies sind kleine Textdateien, die auf Ihrem Ger\u00e4t gespeichert werden, wenn Sie eine Website besuchen. Sie unterst\u00fctzen die ordnungsgem\u00e4\u00dfe Funktionsweise von Websites, verbessern das Nutzererlebnis und liefern Informationen dar\u00fcber, wie die Seite genutzt wird.<br\/>Cookies enthalten in der Regel keine Informationen, die Sie direkt identifizieren.<br\/>2. Arten von Cookies, die wir verwenden<br\/>a) Wesentliche Cookies<br\/>Diese Cookies sind erforderlich, damit die Website korrekt funktioniert. Sie erm\u00f6glichen grundlegende Funktionen wie die Navigation zwischen den Seiten und das Absenden von Formularen.<br\/>Ohne diese Cookies kann die Website m\u00f6glicherweise nicht ordnungsgem\u00e4\u00df funktionieren.<br\/>b) Funktions\u2011Cookies<br\/>Funktions\u2011Cookies erm\u00f6glichen es der Website, sich an von Ihnen getroffene Einstellungen (z.\u202fB. Sprache oder Region) zu erinnern, um eine erweiterte Funktionalit\u00e4t und Personalisierung bereitzustellen.<br\/>c) Analyse\u2011Cookies<br\/>Wir verwenden Analyse\u2011Cookies m\u00f6glicherweise, um Informationen dar\u00fcber zu sammeln, wie Besucher mit der Website interagieren, zum Beispiel:<br\/>Besuchte Seiten<br\/>Verweildauer auf den Seiten<br\/>Traffic\u2011Quellen<br\/>Diese Informationen helfen uns, die Leistung und Benutzerfreundlichkeit der Website zu verbessern.<br\/>d) Marketing\u2011Cookies (falls zutreffend)<br\/>Marketing\u2011Cookies k\u00f6nnen verwendet werden, um Besucher \u00fcber verschiedene Websites hinweg zu verfolgen, um gezielte Werbeanzeigen anzuzeigen oder die Effektivit\u00e4t von Kampagnen zu messen.<br\/>Diese Cookies werden nur verwendet, wenn sie ausdr\u00fccklich \u00fcber ein Cookie\u2011Einwilligungs\u2011Banner aktiviert wurden.<br\/>3. Cookies von Drittanbietern<br\/>Einige Cookies k\u00f6nnen von Diensten Dritter gesetzt werden, die in unsere Website integriert sind, zum Beispiel Analyse\u2011Tools oder eingebettete Inhalte.<br\/>Wir haben keinen Einfluss auf Cookies von Drittanbietern und empfehlen Ihnen, die Datenschutzrichtlinien dieser Anbieter zu pr\u00fcfen.<br\/>4. Cookie\u2011Einwilligung<br\/>Wenn Sie unsere Website zum ersten Mal besuchen, wird Ihnen ggf. ein Cookie\u2011Einwilligungs\u2011Banner angezeigt, \u00fcber das Sie Folgendes ausw\u00e4hlen k\u00f6nnen:<br\/>Alle Cookies akzeptieren<br\/>Nicht\u2011essentielle Cookies ablehnen<br\/>Ihre Cookie\u2011Einstellungen anpassen<br\/>Sie k\u00f6nnen Ihre Einwilligung jederzeit \u00fcber Ihre Browsereinstellungen oder das Cookie\u2011Preferences\u2011Tool (falls verf\u00fcgbar) \u00e4ndern oder widerrufen.<br\/>5. Verwaltung von Cookies<br\/>Sie k\u00f6nnen Cookies \u00fcber die Einstellungen Ihres Browsers steuern und verwalten. Die meisten Browser erm\u00f6glichen Ihnen:<br\/>Anzuzeigen, welche Cookies gespeichert sind<br\/>Cookies zu l\u00f6schen<br\/>Cookies von bestimmten Websites zu blockieren<br\/>Alle Cookies zu blockieren<br\/>Bitte beachten Sie, dass das Deaktivieren bestimmter Cookies die Funktionsweise der Website beeintr\u00e4chtigen kann.<br\/>6. Datenschutz<br\/>Alle \u00fcber Cookies erhobenen personenbezogenen Daten werden gem\u00e4\u00df unserer Datenschutzerkl\u00e4rung verarbeitet.<br\/>7. Aktualisierungen dieser Richtlinie<br\/>Wir k\u00f6nnen diese Cookies\u2011Richtlinie von Zeit zu Zeit aktualisieren, um \u00c4nderungen in Technologie, gesetzlichen Vorgaben oder der Funktionsweise der Website zu ber\u00fccksichtigen. Die jeweils aktuellste Fassung ist stets auf dieser Seite verf\u00fcgbar.<br\/>8. Kontaktdaten<br\/>Falls Sie Fragen zu dieser Cookies\u2011Richtlinie oder zur Verwendung von Cookies haben, wenden Sie sich bitte \u00fcber die Kontaktseite an uns.<\/p>\n","protected":false},"excerpt":{"rendered":"<p>Zuletzt aktualisiert: 10.02.2026Diese Cookies\u2011Richtlinie erkl\u00e4rt, wie AK Venture Path Cookies und \u00e4hnliche Technologien auf dieser Website verwendet. Wenn Sie die Nutzung dieser Website fortsetzen, stimmen Sie der Verwendung von Cookies gem\u00e4\u00df dieser Richtlinie zu, es sei denn, Sie deaktivieren sie \u00fcber Ihren Browser oder die Cookie\u2011Einstellungen.1. Was sind Cookies?Cookies sind kleine Textdateien, die auf Ihrem [&hellip;]<\/p>\n","protected":false},"author":1,"featured_media":0,"parent":0,"menu_order":0,"comment_status":"closed","ping_status":"closed","template":"text.php","meta":{"_acf_changed":false,"footnotes":""},"class_list":["post-600","page","type-page","status-publish","hentry"],"acf":[],"yoast_head":"<!-- This site is optimized with the Yoast SEO plugin v27.5 - https:\/\/yoast.com\/product\/yoast-seo-wordpress\/ -->\n<title>Cookie\u2011Richtlinie - Business Setup Dubai<\/title>\n<meta name=\"robots\" content=\"noindex, nofollow\" \/>\n<meta property=\"og:locale\" content=\"de_DE\" \/>\n<meta property=\"og:type\" content=\"article\" \/>\n<meta property=\"og:title\" content=\"Cookie\u2011Richtlinie - Business Setup Dubai\" \/>\n<meta property=\"og:description\" content=\"Zuletzt aktualisiert: 10.02.2026Diese Cookies\u2011Richtlinie erkl\u00e4rt, wie AK Venture Path Cookies und \u00e4hnliche Technologien auf dieser Website verwendet. Wenn Sie die Nutzung dieser Website fortsetzen, stimmen Sie der Verwendung von Cookies gem\u00e4\u00df dieser Richtlinie zu, es sei denn, Sie deaktivieren sie \u00fcber Ihren Browser oder die Cookie\u2011Einstellungen.1. Was sind Cookies?Cookies sind kleine Textdateien, die auf Ihrem [&hellip;]\" \/>\n<meta property=\"og:url\" content=\"https:\/\/ak-venturepath.com\/de\/cookie-richtlinie\/\" \/>\n<meta property=\"og:site_name\" content=\"Business Setup Dubai\" \/>\n<meta property=\"article:modified_time\" content=\"2026-05-04T08:47:15+00:00\" \/>\n<meta name=\"twitter:card\" content=\"summary_large_image\" \/>\n<meta name=\"twitter:label1\" content=\"Gesch\u00e4tzte Lesezeit\" \/>\n\t<meta name=\"twitter:data1\" content=\"2\u00a0Minuten\" \/>\n<script type=\"application\/ld+json\" class=\"yoast-schema-graph\">{\"@context\":\"https:\\\/\\\/schema.org\",\"@graph\":[{\"@type\":\"WebPage\",\"@id\":\"https:\\\/\\\/ak-venturepath.com\\\/de\\\/cookie-richtlinie\\\/\",\"url\":\"https:\\\/\\\/ak-venturepath.com\\\/de\\\/cookie-richtlinie\\\/\",\"name\":\"Cookie\u2011Richtlinie - Business Setup Dubai\",\"isPartOf\":{\"@id\":\"https:\\\/\\\/ak-venturepath.com\\\/de\\\/#website\"},\"datePublished\":\"2026-01-23T19:09:35+00:00\",\"dateModified\":\"2026-05-04T08:47:15+00:00\",\"breadcrumb\":{\"@id\":\"https:\\\/\\\/ak-venturepath.com\\\/de\\\/cookie-richtlinie\\\/#breadcrumb\"},\"inLanguage\":\"de\",\"potentialAction\":[{\"@type\":\"ReadAction\",\"target\":[\"https:\\\/\\\/ak-venturepath.com\\\/de\\\/cookie-richtlinie\\\/\"]}]},{\"@type\":\"BreadcrumbList\",\"@id\":\"https:\\\/\\\/ak-venturepath.com\\\/de\\\/cookie-richtlinie\\\/#breadcrumb\",\"itemListElement\":[{\"@type\":\"ListItem\",\"position\":1,\"name\":\"Home\",\"item\":\"https:\\\/\\\/ak-venturepath.com\\\/de\\\/home\\\/\"},{\"@type\":\"ListItem\",\"position\":2,\"name\":\"Cookie\u2011Richtlinie\"}]},{\"@type\":\"WebSite\",\"@id\":\"https:\\\/\\\/ak-venturepath.com\\\/de\\\/#website\",\"url\":\"https:\\\/\\\/ak-venturepath.com\\\/de\\\/\",\"name\":\"Dubai Business Consulting\",\"description\":\"\",\"publisher\":{\"@id\":\"https:\\\/\\\/ak-venturepath.com\\\/de\\\/#organization\"},\"potentialAction\":[{\"@type\":\"SearchAction\",\"target\":{\"@type\":\"EntryPoint\",\"urlTemplate\":\"https:\\\/\\\/ak-venturepath.com\\\/de\\\/?s={search_term_string}\"},\"query-input\":{\"@type\":\"PropertyValueSpecification\",\"valueRequired\":true,\"valueName\":\"search_term_string\"}}],\"inLanguage\":\"de\"},{\"@type\":\"Organization\",\"@id\":\"https:\\\/\\\/ak-venturepath.com\\\/de\\\/#organization\",\"name\":\"AK-VENTURE\",\"url\":\"https:\\\/\\\/ak-venturepath.com\\\/de\\\/\",\"logo\":{\"@type\":\"ImageObject\",\"inLanguage\":\"de\",\"@id\":\"https:\\\/\\\/ak-venturepath.com\\\/de\\\/#\\\/schema\\\/logo\\\/image\\\/\",\"url\":\"https:\\\/\\\/ak-venturepath.com\\\/wp-content\\\/uploads\\\/2026\\\/01\\\/f864c551-74b0-411b-bb78-1dd26c60ef19_1-removebg-preview.png\",\"contentUrl\":\"https:\\\/\\\/ak-venturepath.com\\\/wp-content\\\/uploads\\\/2026\\\/01\\\/f864c551-74b0-411b-bb78-1dd26c60ef19_1-removebg-preview.png\",\"width\":713,\"height\":350,\"caption\":\"AK-VENTURE\"},\"image\":{\"@id\":\"https:\\\/\\\/ak-venturepath.com\\\/de\\\/#\\\/schema\\\/logo\\\/image\\\/\"}}]}<\/script>\n<!-- \/ Yoast SEO plugin. -->","yoast_head_json":{"title":"Cookie\u2011Richtlinie - Business Setup Dubai","robots":{"index":"noindex","follow":"nofollow"},"og_locale":"de_DE","og_type":"article","og_title":"Cookie\u2011Richtlinie - Business Setup Dubai","og_description":"Zuletzt aktualisiert: 10.02.2026Diese Cookies\u2011Richtlinie erkl\u00e4rt, wie AK Venture Path Cookies und \u00e4hnliche Technologien auf dieser Website verwendet. Wenn Sie die Nutzung dieser Website fortsetzen, stimmen Sie der Verwendung von Cookies gem\u00e4\u00df dieser Richtlinie zu, es sei denn, Sie deaktivieren sie \u00fcber Ihren Browser oder die Cookie\u2011Einstellungen.1. Was sind Cookies?Cookies sind kleine Textdateien, die auf Ihrem [&hellip;]","og_url":"https:\/\/ak-venturepath.com\/de\/cookie-richtlinie\/","og_site_name":"Business Setup Dubai","article_modified_time":"2026-05-04T08:47:15+00:00","twitter_card":"summary_large_image","twitter_misc":{"Gesch\u00e4tzte Lesezeit":"2\u00a0Minuten"},"schema":{"@context":"https:\/\/schema.org","@graph":[{"@type":"WebPage","@id":"https:\/\/ak-venturepath.com\/de\/cookie-richtlinie\/","url":"https:\/\/ak-venturepath.com\/de\/cookie-richtlinie\/","name":"Cookie\u2011Richtlinie - Business Setup Dubai","isPartOf":{"@id":"https:\/\/ak-venturepath.com\/de\/#website"},"datePublished":"2026-01-23T19:09:35+00:00","dateModified":"2026-05-04T08:47:15+00:00","breadcrumb":{"@id":"https:\/\/ak-venturepath.com\/de\/cookie-richtlinie\/#breadcrumb"},"inLanguage":"de","potentialAction":[{"@type":"ReadAction","target":["https:\/\/ak-venturepath.com\/de\/cookie-richtlinie\/"]}]},{"@type":"BreadcrumbList","@id":"https:\/\/ak-venturepath.com\/de\/cookie-richtlinie\/#breadcrumb","itemListElement":[{"@type":"ListItem","position":1,"name":"Home","item":"https:\/\/ak-venturepath.com\/de\/home\/"},{"@type":"ListItem","position":2,"name":"Cookie\u2011Richtlinie"}]},{"@type":"WebSite","@id":"https:\/\/ak-venturepath.com\/de\/#website","url":"https:\/\/ak-venturepath.com\/de\/","name":"Dubai Business Consulting","description":"","publisher":{"@id":"https:\/\/ak-venturepath.com\/de\/#organization"},"potentialAction":[{"@type":"SearchAction","target":{"@type":"EntryPoint","urlTemplate":"https:\/\/ak-venturepath.com\/de\/?s={search_term_string}"},"query-input":{"@type":"PropertyValueSpecification","valueRequired":true,"valueName":"search_term_string"}}],"inLanguage":"de"},{"@type":"Organization","@id":"https:\/\/ak-venturepath.com\/de\/#organization","name":"AK-VENTURE","url":"https:\/\/ak-venturepath.com\/de\/","logo":{"@type":"ImageObject","inLanguage":"de","@id":"https:\/\/ak-venturepath.com\/de\/#\/schema\/logo\/image\/","url":"https:\/\/ak-venturepath.com\/wp-content\/uploads\/2026\/01\/f864c551-74b0-411b-bb78-1dd26c60ef19_1-removebg-preview.png","contentUrl":"https:\/\/ak-venturepath.com\/wp-content\/uploads\/2026\/01\/f864c551-74b0-411b-bb78-1dd26c60ef19_1-removebg-preview.png","width":713,"height":350,"caption":"AK-VENTURE"},"image":{"@id":"https:\/\/ak-venturepath.com\/de\/#\/schema\/logo\/image\/"}}]}},"_hostinger_reach_plugin_has_subscription_block":false,"_hostinger_reach_plugin_is_elementor":false,"_links":{"self":[{"href":"https:\/\/ak-venturepath.com\/de\/wp-json\/wp\/v2\/pages\/600","targetHints":{"allow":["GET"]}}],"collection":[{"href":"https:\/\/ak-venturepath.com\/de\/wp-json\/wp\/v2\/pages"}],"about":[{"href":"https:\/\/ak-venturepath.com\/de\/wp-json\/wp\/v2\/types\/page"}],"author":[{"embeddable":true,"href":"https:\/\/ak-venturepath.com\/de\/wp-json\/wp\/v2\/users\/1"}],"replies":[{"embeddable":true,"href":"https:\/\/ak-venturepath.com\/de\/wp-json\/wp\/v2\/comments?post=600"}],"version-history":[{"count":1,"href":"https:\/\/ak-venturepath.com\/de\/wp-json\/wp\/v2\/pages\/600\/revisions"}],"predecessor-version":[{"id":601,"href":"https:\/\/ak-venturepath.com\/de\/wp-json\/wp\/v2\/pages\/600\/revisions\/601"}],"wp:attachment":[{"href":"https:\/\/ak-venturepath.com\/de\/wp-json\/wp\/v2\/media?parent=600"}],"curies":[{"name":"wp","href":"https:\/\/api.w.org\/{rel}","templated":true}]}}